{"id":4798,"date":"2025-05-20T11:31:51","date_gmt":"2025-05-20T14:31:51","guid":{"rendered":"https:\/\/fatorrh.com.br\/?page_id=4798"},"modified":"2025-07-25T10:07:09","modified_gmt":"2025-07-25T13:07:09","slug":"condiciones-de-uso","status":"publish","type":"page","link":"https:\/\/fatorrh.com.br\/es\/condiciones-de-uso\/","title":{"rendered":"Condiciones de uso"},"content":{"rendered":"<div data-elementor-type=\"wp-page\" data-elementor-id=\"4798\" class=\"elementor elementor-4798\" data-elementor-post-type=\"page\">\n\t\t\t\t<div class=\"elementor-element elementor-element-77602f4 e-flex e-con-boxed e-con e-parent\" data-id=\"77602f4\" data-element_type=\"container\" data-e-type=\"container\">\n\t\t\t\t\t<div class=\"e-con-inner\">\n\t\t\t\t<div class=\"elementor-element elementor-element-6408948 elementor-widget elementor-widget-text-editor\" data-id=\"6408948\" data-element_type=\"widget\" data-e-type=\"widget\" data-widget_type=\"text-editor.default\">\n\t\t\t\t<div class=\"elementor-widget-container\">\n\t\t\t\t\t\t\t\t\t<h3><span style=\"color: inherit;font-family: inherit;font-size: 1.75rem\">CONDICIONES DE USO \u2014 Factor RH<\/span><\/h3><p>Fator RH, persona jur\u00eddica de derecho privado, describe, a trav\u00e9s de este documento, las reglas de uso del sitio web y de cualquier otro sitio web, tienda o aplicaci\u00f3n operada por el titular.<\/p><p>Al navegar por este sitio web, consideramos que acepta los T\u00e9rminos de uso a continuaci\u00f3n.<\/p><p>Si no est\u00e1 de acuerdo con los t\u00e9rminos de este contrato, le solicitamos que no utilice m\u00e1s este sitio web, y mucho menos se registre o env\u00ede sus datos personales.<\/p><p>Si modificamos nuestros T\u00e9rminos de Uso, publicaremos el nuevo texto en este sitio web, con la fecha de revisi\u00f3n actualizada. Podemos cambiar este documento en cualquier momento. Si hay un cambio material en los t\u00e9rminos de este acuerdo, podemos informarle a trav\u00e9s de la informaci\u00f3n de contacto que tenemos en nuestra base de datos o mediante notificaciones.<\/p><p>Su uso de este sitio web despu\u00e9s de los cambios significa que acepta los T\u00e9rminos de uso revisados. Si despu\u00e9s de leer la versi\u00f3n revisada no est\u00e1 de acuerdo con sus t\u00e9rminos, cancele su acceso.<\/p><ul><li><h4>Secci\u00f3n 1 \u2013 Usuario<\/h4><p>La utilizaci\u00f3n de este sitio web atribuye autom\u00e1ticamente la condici\u00f3n de Usuario e implica la aceptaci\u00f3n plena de todas las directrices y condiciones incluidas en estas Condiciones.<\/p><\/li><li><h4>Secci\u00f3n 2 \u2013 Adherencia a la Pol\u00edtica de Privacidad<\/h4><p>El uso de este sitio web constituye la adhesi\u00f3n a estos T\u00e9rminos de uso y a la versi\u00f3n m\u00e1s actualizada de <a href=\"https:\/\/fatorrh.com.br\/politica-de-privacidade\/\">pol\u00edtica de privacidad<\/a> del factor RH.<\/p><\/li><li><h4>Secci\u00f3n 3 \u2013 Condiciones de acceso<\/h4><p>Con car\u00e1cter general, el acceso al sitio web de Fator RH es gratuito y no exige registro o suscripci\u00f3n previa.<\/p><p>Sin embargo, para disfrutar de algunas funcionalidades, es posible que el usuario necesite registrarse, creando una cuenta de usuario con su propio login y contrase\u00f1a para acceder.<\/p><p>Es responsabilidad exclusiva del usuario proporcionar \u00fanicamente informaci\u00f3n correcta, aut\u00e9ntica, v\u00e1lida, completa y actualizada, as\u00ed como no revelar su nombre de usuario y contrase\u00f1a a terceros.<\/p><p>Algunas partes de este sitio web ofrecen a los usuarios la opci\u00f3n de publicar comentarios en determinadas \u00e1reas. Fator RH no consiente la publicaci\u00f3n de contenido que sea de naturaleza discriminatoria, ofensiva o ilegal, o que infrinja los derechos de autor o cualquier otro derecho de terceros.<\/p><p>La publicaci\u00f3n de cualquier contenido por parte del usuario de este sitio web, incluyendo mensajes y comentarios, implica una licencia no exclusiva, irrevocable e irrevocable para su uso, reproducci\u00f3n y publicaci\u00f3n por parte de Fator RH en su sitio web, plataformas y aplicaciones de internet, o en otras plataformas, sin ninguna restricci\u00f3n o limitaci\u00f3n.<\/p><\/li><li><h4>Secci\u00f3n 4 \u2013 Cookies<\/h4><p>Es posible que se recopile informaci\u00f3n sobre su uso de este sitio web mediante cookies. Las cookies son piezas de informaci\u00f3n que se almacenan directamente en el ordenador que est\u00e1s utilizando. Las cookies permiten recopilar informaci\u00f3n como el tipo de navegador, el tiempo de permanencia en el sitio web, las p\u00e1ginas visitadas, las preferencias de idioma y otros datos de tr\u00e1fico an\u00f3nimos. Nosotros y nuestros proveedores de servicios utilizamos informaci\u00f3n para proteger la seguridad, facilitar la navegaci\u00f3n, mostrar la informaci\u00f3n de manera m\u00e1s eficiente y personalizar su experiencia al utilizar este sitio web, as\u00ed como para el seguimiento en l\u00ednea. Tambi\u00e9n recopilamos informaci\u00f3n estad\u00edstica sobre el uso del sitio web para mejorar continuamente nuestro dise\u00f1o y funcionalidad, para comprender c\u00f3mo se utiliza el sitio web y para ayudarlo a resolver problemas relevantes.<\/p><p>Si no desea que su informaci\u00f3n sea recopilada a trav\u00e9s de cookies, existe un procedimiento simple en la mayor\u00eda de los navegadores que le permite rechazar autom\u00e1ticamente las cookies o darle la opci\u00f3n de aceptar o rechazar la transferencia de una cookie (o cookies) en particular de un sitio web en particular a su computadora. Sin embargo, esto puede causar inconvenientes al utilizar el sitio web.<\/p><p>La configuraci\u00f3n que elija puede afectar su experiencia de navegaci\u00f3n y la funcionalidad que requiere el uso de cookies. En este sentido, rechazamos cualquier responsabilidad por las consecuencias derivadas del funcionamiento limitado de este sitio web provocado por la desactivaci\u00f3n de las cookies en su dispositivo (imposibilidad de establecer o leer una cookie).<\/p><\/li><li><h4>Secci\u00f3n 5 \u2013 Propiedad intelectual<\/h4><p>Todos los elementos de Fator RH son propiedad intelectual del mismo o de sus licenciantes. Estos T\u00e9rminos o su uso del sitio web no le otorgan ninguna licencia o derecho para utilizar los derechos de propiedad intelectual de Fator RH o de terceros.<\/p><\/li><li><h4>Secci\u00f3n 6 \u2013 Enlaces a sitios de terceros<\/h4><p>Este sitio web puede, de vez en cuando, contener enlaces de hipertexto que lo redirigir\u00e1n a sitios web de las redes de nuestros socios, anunciantes, proveedores, etc. Si hace clic en uno de estos enlaces a cualquiera de estos sitios web, tenga en cuenta que cada sitio web tiene sus propias pr\u00e1cticas de privacidad y que no somos responsables de estas pol\u00edticas. Revise estas pol\u00edticas antes de enviar cualquier dato personal a estos sitios web.<\/p><p>No somos responsables de las pol\u00edticas y pr\u00e1cticas de recopilaci\u00f3n, uso y divulgaci\u00f3n (incluidas las pr\u00e1cticas de protecci\u00f3n de datos) de otras organizaciones, como Facebook, Apple, Google, Microsoft o cualquier otro desarrollador de software o proveedor de aplicaciones, tienda de redes sociales, sistema operativo, proveedor de servicios inal\u00e1mbricos o fabricante de dispositivos, incluidos los datos personales que usted divulgue a otras organizaciones a trav\u00e9s de las Aplicaciones, en relaci\u00f3n con dichas Aplicaciones o publicados en nuestras p\u00e1ginas de redes sociales. Le recomendamos que se informe sobre la pol\u00edtica de privacidad y las condiciones de uso de cada sitio web visitado o de cada proveedor de servicios utilizado.<\/p><\/li><li><h4>Secci\u00f3n 7 \u2013 Plazos y modificaciones<\/h4><p>Este sitio web funcionar\u00e1 por tiempo indefinido.<\/p><p>El sitio web en su totalidad o en cada una de sus secciones, podr\u00e1 ser cerrado, suspendido o interrumpido unilateralmente por Fator RH, en cualquier momento y sin necesidad de previo aviso.<\/p><\/li><li><h4>Secci\u00f3n 8 \u2013 Datos personales<\/h4><p>Al utilizar este sitio web, Fator RH y\/o Socios recopilar\u00e1n y procesar\u00e1n ciertos datos personales. Las normas relacionadas con el tratamiento de datos personales por parte de Fator RH est\u00e1n estipuladas en la Pol\u00edtica de Privacidad.<\/p><\/li><li><h4>Secci\u00f3n 9 \u2013 Contacto<\/h4><p>Si tiene alguna pregunta sobre los T\u00e9rminos de Uso, cont\u00e1ctenos por correo electr\u00f3nico a atendimento@fatorrh.com.br.<\/p><\/li><\/ul>\t\t\t\t\t\t\t\t<\/div>\n\t\t\t\t<\/div>\n\t\t\t\t\t<\/div>\n\t\t\t\t<\/div>\n\t\t\t\t<\/div>","protected":false},"excerpt":{"rendered":"<p>TERMOS DE USO \u2014 , pessoa jur\u00eddica de direito privado descreve, atrav\u00e9s deste documento, as regras de uso do site\u00a0 e qualquer outro site, loja ou aplicativo operado pelo propriet\u00e1rio. Ao navegar neste website, consideramos que voc\u00ea est\u00e1 de acordo com os Termos de Uso abaixo. Caso voc\u00ea n\u00e3o esteja de acordo com as condi\u00e7\u00f5es [&hellip;]<\/p>\n","protected":false},"author":8,"featured_media":0,"parent":0,"menu_order":0,"comment_status":"closed","ping_status":"closed","template":"","meta":{"_acf_changed":false,"footnotes":""},"class_list":["post-4798","page","type-page","status-publish","hentry"],"acf":[],"yoast_head":"<!-- This site is optimized with the Yoast SEO plugin v27.2 - https:\/\/yoast.com\/product\/yoast-seo-wordpress\/ -->\n<title>Termos de uso - Fator RH<\/title>\n<meta name=\"robots\" content=\"index, follow, max-snippet:-1, max-image-preview:large, max-video-preview:-1\" \/>\n<link rel=\"canonical\" href=\"https:\/\/fatorrh.com.br\/es\/condiciones-de-uso\/\" \/>\n<meta property=\"og:locale\" content=\"es_ES\" \/>\n<meta property=\"og:type\" content=\"article\" \/>\n<meta property=\"og:title\" content=\"Termos de uso - Fator RH\" \/>\n<meta property=\"og:description\" content=\"TERMOS DE USO \u2014 , pessoa jur\u00eddica de direito privado descreve, atrav\u00e9s deste documento, as regras de uso do site\u00a0 e qualquer outro site, loja ou aplicativo operado pelo propriet\u00e1rio. Ao navegar neste website, consideramos que voc\u00ea est\u00e1 de acordo com os Termos de Uso abaixo. Caso voc\u00ea n\u00e3o esteja de acordo com as condi\u00e7\u00f5es [&hellip;]\" \/>\n<meta property=\"og:url\" content=\"https:\/\/fatorrh.com.br\/es\/condiciones-de-uso\/\" \/>\n<meta property=\"og:site_name\" content=\"Fator RH\" \/>\n<meta property=\"article:modified_time\" content=\"2025-07-25T13:07:09+00:00\" \/>\n<meta name=\"twitter:card\" content=\"summary_large_image\" \/>\n<meta name=\"twitter:label1\" content=\"Tiempo de lectura\" \/>\n\t<meta name=\"twitter:data1\" content=\"6 minutos\" \/>\n<script type=\"application\/ld+json\" class=\"yoast-schema-graph\">{\"@context\":\"https:\/\/schema.org\",\"@graph\":[{\"@type\":\"WebPage\",\"@id\":\"https:\/\/fatorrh.com.br\/termos-de-uso\/\",\"url\":\"https:\/\/fatorrh.com.br\/termos-de-uso\/\",\"name\":\"Termos de uso - Fator RH\",\"isPartOf\":{\"@id\":\"https:\/\/fatorrh.com.br\/#website\"},\"datePublished\":\"2025-05-20T14:31:51+00:00\",\"dateModified\":\"2025-07-25T13:07:09+00:00\",\"breadcrumb\":{\"@id\":\"https:\/\/fatorrh.com.br\/termos-de-uso\/#breadcrumb\"},\"inLanguage\":\"es\",\"potentialAction\":[{\"@type\":\"ReadAction\",\"target\":[\"https:\/\/fatorrh.com.br\/termos-de-uso\/\"]}]},{\"@type\":\"BreadcrumbList\",\"@id\":\"https:\/\/fatorrh.com.br\/termos-de-uso\/#breadcrumb\",\"itemListElement\":[{\"@type\":\"ListItem\",\"position\":1,\"name\":\"In\u00edcio\",\"item\":\"https:\/\/fatorrh.com.br\/\"},{\"@type\":\"ListItem\",\"position\":2,\"name\":\"Termos de uso\"}]},{\"@type\":\"WebSite\",\"@id\":\"https:\/\/fatorrh.com.br\/#website\",\"url\":\"https:\/\/fatorrh.com.br\/\",\"name\":\"Fator RH\",\"description\":\"\",\"publisher\":{\"@id\":\"https:\/\/fatorrh.com.br\/#organization\"},\"potentialAction\":[{\"@type\":\"SearchAction\",\"target\":{\"@type\":\"EntryPoint\",\"urlTemplate\":\"https:\/\/fatorrh.com.br\/?s={search_term_string}\"},\"query-input\":{\"@type\":\"PropertyValueSpecification\",\"valueRequired\":true,\"valueName\":\"search_term_string\"}}],\"inLanguage\":\"es\"},{\"@type\":\"Organization\",\"@id\":\"https:\/\/fatorrh.com.br\/#organization\",\"name\":\"Fator RH\",\"url\":\"https:\/\/fatorrh.com.br\/\",\"logo\":{\"@type\":\"ImageObject\",\"inLanguage\":\"es\",\"@id\":\"https:\/\/fatorrh.com.br\/#\/schema\/logo\/image\/\",\"url\":\"https:\/\/fatorrh.com.br\/wp-content\/uploads\/2025\/04\/logo.png\",\"contentUrl\":\"https:\/\/fatorrh.com.br\/wp-content\/uploads\/2025\/04\/logo.png\",\"width\":286,\"height\":188,\"caption\":\"Fator RH\"},\"image\":{\"@id\":\"https:\/\/fatorrh.com.br\/#\/schema\/logo\/image\/\"}}]}<\/script>\n<!-- \/ Yoast SEO plugin. -->","yoast_head_json":{"title":"Condiciones de uso - Factor RH","robots":{"index":"index","follow":"follow","max-snippet":"max-snippet:-1","max-image-preview":"max-image-preview:large","max-video-preview":"max-video-preview:-1"},"canonical":"https:\/\/fatorrh.com.br\/es\/condiciones-de-uso\/","og_locale":"es_ES","og_type":"article","og_title":"Termos de uso - Fator RH","og_description":"TERMOS DE USO \u2014 , pessoa jur\u00eddica de direito privado descreve, atrav\u00e9s deste documento, as regras de uso do site\u00a0 e qualquer outro site, loja ou aplicativo operado pelo propriet\u00e1rio. Ao navegar neste website, consideramos que voc\u00ea est\u00e1 de acordo com os Termos de Uso abaixo. Caso voc\u00ea n\u00e3o esteja de acordo com as condi\u00e7\u00f5es [&hellip;]","og_url":"https:\/\/fatorrh.com.br\/es\/condiciones-de-uso\/","og_site_name":"Fator RH","article_modified_time":"2025-07-25T13:07:09+00:00","twitter_card":"summary_large_image","twitter_misc":{"Tiempo de lectura":"6 minutos"},"schema":{"@context":"https:\/\/schema.org","@graph":[{"@type":"WebPage","@id":"https:\/\/fatorrh.com.br\/termos-de-uso\/","url":"https:\/\/fatorrh.com.br\/termos-de-uso\/","name":"Condiciones de uso - Factor RH","isPartOf":{"@id":"https:\/\/fatorrh.com.br\/#website"},"datePublished":"2025-05-20T14:31:51+00:00","dateModified":"2025-07-25T13:07:09+00:00","breadcrumb":{"@id":"https:\/\/fatorrh.com.br\/termos-de-uso\/#breadcrumb"},"inLanguage":"es","potentialAction":[{"@type":"ReadAction","target":["https:\/\/fatorrh.com.br\/termos-de-uso\/"]}]},{"@type":"BreadcrumbList","@id":"https:\/\/fatorrh.com.br\/termos-de-uso\/#breadcrumb","itemListElement":[{"@type":"ListItem","position":1,"name":"In\u00edcio","item":"https:\/\/fatorrh.com.br\/"},{"@type":"ListItem","position":2,"name":"Termos de uso"}]},{"@type":"WebSite","@id":"https:\/\/fatorrh.com.br\/#website","url":"https:\/\/fatorrh.com.br\/","name":"Factor RH","description":"","publisher":{"@id":"https:\/\/fatorrh.com.br\/#organization"},"potentialAction":[{"@type":"SearchAction","target":{"@type":"EntryPoint","urlTemplate":"https:\/\/fatorrh.com.br\/?s={search_term_string}"},"query-input":{"@type":"PropertyValueSpecification","valueRequired":true,"valueName":"search_term_string"}}],"inLanguage":"es"},{"@type":"Organization","@id":"https:\/\/fatorrh.com.br\/#organization","name":"Factor RH","url":"https:\/\/fatorrh.com.br\/","logo":{"@type":"ImageObject","inLanguage":"es","@id":"https:\/\/fatorrh.com.br\/#\/schema\/logo\/image\/","url":"https:\/\/fatorrh.com.br\/wp-content\/uploads\/2025\/04\/logo.png","contentUrl":"https:\/\/fatorrh.com.br\/wp-content\/uploads\/2025\/04\/logo.png","width":286,"height":188,"caption":"Fator RH"},"image":{"@id":"https:\/\/fatorrh.com.br\/#\/schema\/logo\/image\/"}}]}},"_links":{"self":[{"href":"https:\/\/fatorrh.com.br\/es\/wp-json\/wp\/v2\/pages\/4798","targetHints":{"allow":["GET"]}}],"collection":[{"href":"https:\/\/fatorrh.com.br\/es\/wp-json\/wp\/v2\/pages"}],"about":[{"href":"https:\/\/fatorrh.com.br\/es\/wp-json\/wp\/v2\/types\/page"}],"author":[{"embeddable":true,"href":"https:\/\/fatorrh.com.br\/es\/wp-json\/wp\/v2\/users\/8"}],"replies":[{"embeddable":true,"href":"https:\/\/fatorrh.com.br\/es\/wp-json\/wp\/v2\/comments?post=4798"}],"version-history":[{"count":0,"href":"https:\/\/fatorrh.com.br\/es\/wp-json\/wp\/v2\/pages\/4798\/revisions"}],"wp:attachment":[{"href":"https:\/\/fatorrh.com.br\/es\/wp-json\/wp\/v2\/media?parent=4798"}],"curies":[{"name":"wp","href":"https:\/\/api.w.org\/{rel}","templated":true}]}}